{"id":2,"date":"2021-05-12T08:29:03","date_gmt":"2021-05-12T08:29:03","guid":{"rendered":"https:\/\/xn--qubec-csa.tk\/local\/?page_id=2"},"modified":"2021-06-24T03:28:17","modified_gmt":"2021-06-24T07:28:17","slug":"a-propos","status":"publish","type":"page","link":"https:\/\/xn--qubec-csa.tk\/local\/a-propos\/","title":{"rendered":"\u00c0 propos de Guide local"},"content":{"rendered":"\n<p class=\"has-text-align-center\">Ce site peut \u00eatre r\u00e9utilis\u00e9 comme mod\u00e8le de base pour cr\u00e9er un guide local avec WordPress et la suite d&rsquo;extensions gratuites HivePress.<\/p>\n\n\n\n<div class=\"wp-block-group\"><div class=\"wp-block-group__inner-container is-layout-flow wp-block-group-is-layout-flow\">\n<div class=\"wp-block-columns is-layout-flex wp-container-core-columns-is-layout-9d6595d7 wp-block-columns-is-layout-flex\">\n<div class=\"wp-block-column is-layout-flow wp-block-column-is-layout-flow\">\n<div style=\"height:20px\" aria-hidden=\"true\" class=\"wp-block-spacer\"><\/div>\n\n\n\n<h3 class=\"has-text-align-center has-text-color wp-block-heading\" style=\"color:#0780ff\"><i class=\"hp-icon fas fa-search\" style=\"font-size:150%\"><\/i><\/h3>\n\n\n\n<h3 class=\"has-text-align-center wp-block-heading\">Recherchez par mots-cl\u00e9s<\/h3>\n\n\n\n<p class=\"has-text-align-center\">Trouvez instantan\u00e9ment ce que vous cherchez avec des mots-cl\u00e9s<\/p>\n<\/div>\n\n\n\n<div class=\"wp-block-column is-layout-flow wp-block-column-is-layout-flow\">\n<div style=\"height:20px\" aria-hidden=\"true\" class=\"wp-block-spacer\"><\/div>\n\n\n\n<h3 class=\"has-text-align-center has-text-color wp-block-heading\" style=\"color:#0780ff\"><i class=\"hp-icon fas fa-location-arrow\" style=\"font-size:150%\"><\/i><\/h3>\n\n\n\n<h3 class=\"has-text-align-center wp-block-heading\">Trouvez \u00e0 proximit\u00e9<\/h3>\n\n\n\n<p class=\"has-text-align-center\">Indiquez votre emplacement pour afficher les r\u00e9sultats \u00e0 proximit\u00e9<\/p>\n<\/div>\n\n\n\n<div class=\"wp-block-column is-layout-flow wp-block-column-is-layout-flow\">\n<div style=\"height:20px\" aria-hidden=\"true\" class=\"wp-block-spacer\"><\/div>\n\n\n\n<h3 class=\"has-text-align-center has-text-color wp-block-heading\" style=\"color:#0780ff\"><i class=\"hp-icon fas fa-th\" style=\"font-size:150%\"><\/i><\/h3>\n\n\n\n<h3 class=\"has-text-align-center wp-block-heading\">Explorez les cat\u00e9gories<\/h3>\n\n\n\n<p class=\"has-text-align-center\">D\u00e9couvrez tout ce que la ville a \u00e0 offrir en naviguant par cat\u00e9gorie<\/p>\n<\/div>\n\n\n\n<div class=\"wp-block-column is-layout-flow wp-block-column-is-layout-flow\">\n<div style=\"height:20px\" aria-hidden=\"true\" class=\"wp-block-spacer\"><\/div>\n\n\n\n<h3 class=\"has-text-align-center has-text-color wp-block-heading\" style=\"color:#0780ff\"><i class=\"hp-icon fas fa-sliders-h\" style=\"font-size:150%\"><\/i><\/h3>\n\n\n\n<h3 class=\"has-text-align-center wp-block-heading\">Filtrez les r\u00e9sultats<\/h3>\n\n\n\n<p class=\"has-text-align-center\">Filtrez facilement les entr\u00e9es d&rsquo;une cat\u00e9gorie selon les crit\u00e8res d\u00e9sir\u00e9s<\/p>\n<\/div>\n<\/div>\n\n\n\n<div style=\"height:30px\" aria-hidden=\"true\" class=\"wp-block-spacer\"><\/div>\n<\/div><\/div>\n\n\n\n<div class=\"wp-block-group\"><div class=\"wp-block-group__inner-container is-layout-flow wp-block-group-is-layout-flow\">\n<div style=\"height:30px\" aria-hidden=\"true\" class=\"wp-block-spacer\"><\/div>\n\n\n\n<h2 class=\"has-text-align-center wp-block-heading\">Par les locaux, pour les locaux<\/h2>\n\n\n\n<div class=\"wp-block-columns is-layout-flex wp-container-core-columns-is-layout-9d6595d7 wp-block-columns-is-layout-flex\">\n<div class=\"wp-block-column is-layout-flow wp-block-column-is-layout-flow\">\n<div style=\"height:20px\" aria-hidden=\"true\" class=\"wp-block-spacer\"><\/div>\n\n\n\n<h3 class=\"has-text-align-center has-text-color wp-block-heading\" style=\"color:#15cd72\"><i class=\"hp-icon fas fa-plus-square\" style=\"font-size:150%\"><\/i><\/h3>\n\n\n\n<h3 class=\"has-text-align-center wp-block-heading\">Ajoutez des entr\u00e9es<\/h3>\n\n\n\n<p class=\"has-text-align-center\">Ajoutez vos commerces pr\u00e9f\u00e9r\u00e9s, les attractions et les choses \u00e0 faire dans votre quartier<\/p>\n<\/div>\n\n\n\n<div class=\"wp-block-column is-layout-flow wp-block-column-is-layout-flow\">\n<div style=\"height:20px\" aria-hidden=\"true\" class=\"wp-block-spacer\"><\/div>\n\n\n\n<h3 class=\"has-text-align-center has-text-color wp-block-heading\" style=\"color:#ffc107\"><i class=\"hp-icon fas fa-star\" style=\"font-size:150%\"><\/i><\/h3>\n\n\n\n<h3 class=\"has-text-align-center wp-block-heading\">Donnez votre avis<\/h3>\n\n\n\n<p class=\"has-text-align-center\">Partagez votre avis et \u00e9valuez les \u00e9tablissements et les activit\u00e9s que vous connaissez<\/p>\n<\/div>\n\n\n\n<div class=\"wp-block-column is-layout-flow wp-block-column-is-layout-flow\">\n<div style=\"height:20px\" aria-hidden=\"true\" class=\"wp-block-spacer\"><\/div>\n\n\n\n<h3 class=\"has-text-align-center has-text-color wp-block-heading\" style=\"color:#ff5a5f\"><i class=\"hp-icon fas fa-heart\" style=\"font-size:150%\"><\/i><\/h3>\n\n\n\n<h3 class=\"has-text-align-center wp-block-heading\">Vos favoris<\/h3>\n\n\n\n<p class=\"has-text-align-center\">Retrouvez rapidement vos entr\u00e9es pr\u00e9f\u00e9r\u00e9es en les ajoutant \u00e0 vos favoris<\/p>\n<\/div>\n\n\n\n<div class=\"wp-block-column is-layout-flow wp-block-column-is-layout-flow\">\n<div style=\"height:20px\" aria-hidden=\"true\" class=\"wp-block-spacer\"><\/div>\n\n\n\n<h3 class=\"has-text-align-center has-text-color wp-block-heading\" style=\"color:#0780ff\"><i class=\"hp-icon fas fa-user-friends\" style=\"font-size:150%\"><\/i><\/h3>\n\n\n\n<h3 class=\"has-text-align-center wp-block-heading\">Rencontrez les locaux<\/h3>\n\n\n\n<p class=\"has-text-align-center\">Rencontrez des gens pr\u00e8s de chez vous qui partagent vos go\u00fbts et vos int\u00e9r\u00eats<\/p>\n<\/div>\n<\/div>\n\n\n\n<div style=\"height:30px\" aria-hidden=\"true\" class=\"wp-block-spacer\"><\/div>\n<\/div><\/div>\n\n\n\n<div class=\"wp-block-group\"><div class=\"wp-block-group__inner-container is-layout-flow wp-block-group-is-layout-flow\">\n<div style=\"height:30px\" aria-hidden=\"true\" class=\"wp-block-spacer\"><\/div>\n\n\n\n<h2 class=\"has-text-align-center wp-block-heading\">Rejoignez la communaut\u00e9<\/h2>\n\n\n\n<div class=\"wp-block-columns is-layout-flex wp-container-core-columns-is-layout-9d6595d7 wp-block-columns-is-layout-flex\">\n<div class=\"wp-block-column is-layout-flow wp-block-column-is-layout-flow\">\n<div style=\"height:20px\" aria-hidden=\"true\" class=\"wp-block-spacer\"><\/div>\n\n\n\n<h3 class=\"has-text-align-center has-text-color wp-block-heading\" style=\"color:#ff5a5f\"><i class=\"hp-icon fas fa-piggy-bank\" style=\"font-size:150%\"><\/i><\/h3>\n\n\n\n<h3 class=\"has-text-align-center wp-block-heading\">Accumulez des points <strong>loco<\/strong><\/h3>\n\n\n\n<p class=\"has-text-align-center\">Obtenez des points <strong>loco<\/strong> pour chaque nouvelle entr\u00e9e et \u00e9valuation accept\u00e9es<\/p>\n<\/div>\n\n\n\n<div class=\"wp-block-column is-layout-flow wp-block-column-is-layout-flow\">\n<div style=\"height:20px\" aria-hidden=\"true\" class=\"wp-block-spacer\"><\/div>\n\n\n\n<h3 class=\"has-text-align-center has-text-color wp-block-heading\" style=\"color:#15cd72\"><i class=\"hp-icon fas fa-check-circle\" style=\"font-size:150%\"><\/i><\/h3>\n\n\n\n<h3 class=\"has-text-align-center wp-block-heading\">Revendiquez votre entreprise<\/h3>\n\n\n\n<p class=\"has-text-align-center\">Nous v\u00e9rifierons que vous \u00eates bien propri\u00e9taire l\u00e9gitime d&rsquo;une entr\u00e9e revendiqu\u00e9e<\/p>\n<\/div>\n\n\n\n<div class=\"wp-block-column is-layout-flow wp-block-column-is-layout-flow\">\n<div style=\"height:20px\" aria-hidden=\"true\" class=\"wp-block-spacer\"><\/div>\n\n\n\n<h3 class=\"has-text-align-center has-text-color wp-block-heading\" style=\"color:#0780ff\"><i class=\"hp-icon fas fa-star\" style=\"font-size:150%\"><\/i><\/h3>\n\n\n\n<h3 class=\"has-text-align-center wp-block-heading\">Mettez votre entr\u00e9e en vedette<\/h3>\n\n\n\n<p class=\"has-text-align-center\">Augmentez momentan\u00e9ment la visibilit\u00e9 de votre entreprise en mettant celle-ci en avant-plan<\/p>\n<\/div>\n\n\n\n<div class=\"wp-block-column is-layout-flow wp-block-column-is-layout-flow\">\n<div style=\"height:20px\" aria-hidden=\"true\" class=\"wp-block-spacer\"><\/div>\n\n\n\n<h3 class=\"has-text-align-center has-text-color wp-block-heading\" style=\"color:#ffc107\"><i class=\"hp-icon fas fa-coins\" style=\"font-size:150%\"><\/i><\/h3>\n\n\n\n<h3 class=\"has-text-align-center wp-block-heading\">R\u00e9glez en argent&#8230; ou en points <strong>loco<\/strong> !<\/h3>\n\n\n\n<p class=\"has-text-align-center\">Vous contribuez ainsi au guide en participant &#8212; au choix &#8212; au financement ou au contenu<\/p>\n<\/div>\n<\/div>\n\n\n\n<div style=\"height:30px\" aria-hidden=\"true\" class=\"wp-block-spacer\"><\/div>\n<\/div><\/div>\n\n\n\n<h2 class=\"wp-block-heading\">Composants logiciels 100% libres<\/h2>\n\n\n\n<ul class=\"wp-block-list\"><li><a rel=\"noreferrer noopener\" href=\"https:\/\/fr.wordpress.org\/\" target=\"_blank\">WordPress<\/a><\/li><li>Th\u00e8me gratuit : <a rel=\"noreferrer noopener\" href=\"https:\/\/fr-ca.wordpress.org\/themes\/listinghive\/\" target=\"_blank\">ListingHive<\/a> par HivePress<\/li><li>Extensions gratuites :<ul><li><a rel=\"noreferrer noopener\" href=\"https:\/\/fr.wordpress.org\/plugins\/hivepress\/\" target=\"_blank\">HivePress<\/a><br>Plugin polyvalent pour les annuaires, les r\u00e9pertoires et les petites annonces<\/li><li><a rel=\"noreferrer noopener\" href=\"https:\/\/fr.wordpress.org\/plugins\/hivepress-authentication\/\" target=\"_blank\">HivePress Authentication<\/a><br>Permet aux utilisateurs de s&rsquo;identifier via des services tiers<\/li><li><a rel=\"noreferrer noopener\" href=\"https:\/\/fr.wordpress.org\/plugins\/hivepress-claim-listings\/\" target=\"_blank\">HivePress Claim Listings<\/a><br>Permet aux utilisateurs de r\u00e9clamer des entr\u00e9es<\/li><li><a rel=\"noreferrer noopener\" href=\"https:\/\/fr.wordpress.org\/plugins\/hivepress-favorites\/\" target=\"_blank\">HivePress Favorites<\/a><br>Permet aux utilisateurs d&rsquo;enregistrer une liste des entr\u00e9es favorites<\/li><li><a rel=\"noreferrer noopener\" href=\"https:\/\/fr.wordpress.org\/plugins\/hivepress-geolocation\/\" target=\"_blank\">HivePress Geolocation<\/a><br>Permet aux utilisateurs de rechercher des entr\u00e9es par emplacement<\/li><li><a rel=\"noreferrer noopener\" href=\"https:\/\/fr.wordpress.org\/plugins\/hivepress-messages\/\" target=\"_blank\">HivePress Messages<\/a><br>Autorise les utilisateurs \u00e0 envoyer des messages priv\u00e9s<\/li><li><a rel=\"noreferrer noopener\" href=\"https:\/\/fr.wordpress.org\/plugins\/hivepress-paid-listings\/\" target=\"_blank\">HivePress Paid Listing<\/a><br>Mon\u00e9tiser l&rsquo;ajout, la mise en vedette et le renouvellement des entr\u00e9es<\/li><li><a rel=\"noreferrer noopener\" href=\"https:\/\/fr.wordpress.org\/plugins\/hivepress-reviews\/\" target=\"_blank\">HivePress Reviews<\/a><br>Permet aux utilisateurs de noter et d&rsquo;\u00e9valuer les entr\u00e9es<\/li><li><a rel=\"noreferrer noopener\" href=\"https:\/\/fr.wordpress.org\/plugins\/loco-translate\/\" target=\"_blank\">Loco Translate<\/a><br>Traduisez des th\u00e8mes et extensions directement dans WordPress<\/li><\/ul><\/li><li>Extensions commerciales :<ul><li><a rel=\"noreferrer noopener\" href=\"https:\/\/hivepress.io\/extensions\/opening-hours\/\" target=\"_blank\">HivePress Opening Hours<\/a><br>Ajoute les heures d&rsquo;ouverture aux entr\u00e9es<\/li><\/ul><\/li><li>H\u00e9bergement WordPress gratuit : <a rel=\"noreferrer noopener\" href=\"https:\/\/blogues.qu\u00e9bec.tk\/\" target=\"_blank\">Qu\u00e9bec blogues<\/a><\/li><\/ul>\n","protected":false},"excerpt":{"rendered":"<p>Ce site peut \u00eatre r\u00e9utilis\u00e9 comme mod\u00e8le de base pour cr\u00e9er un guide local avec WordPress et la suite d&rsquo;extensions gratuites HivePress. Recherchez par mots-cl\u00e9s Trouvez instantan\u00e9ment ce que vous cherchez avec des mots-cl\u00e9s Trouvez \u00e0 proximit\u00e9 Indiquez votre emplacement pour afficher les r\u00e9sultats \u00e0 proximit\u00e9 Explorez les cat\u00e9gories D\u00e9couvrez tout ce que la ville [&hellip;]<\/p>\n","protected":false},"author":12,"featured_media":0,"parent":0,"menu_order":0,"comment_status":"closed","ping_status":"open","template":"","meta":{"footnotes":""},"class_list":["post-2","page","type-page","status-publish","hentry"],"_links":{"self":[{"href":"https:\/\/xn--qubec-csa.tk\/local\/wp-json\/wp\/v2\/pages\/2","targetHints":{"allow":["GET"]}}],"collection":[{"href":"https:\/\/xn--qubec-csa.tk\/local\/wp-json\/wp\/v2\/pages"}],"about":[{"href":"https:\/\/xn--qubec-csa.tk\/local\/wp-json\/wp\/v2\/types\/page"}],"author":[{"embeddable":true,"href":"https:\/\/xn--qubec-csa.tk\/local\/wp-json\/wp\/v2\/users\/12"}],"replies":[{"embeddable":true,"href":"https:\/\/xn--qubec-csa.tk\/local\/wp-json\/wp\/v2\/comments?post=2"}],"version-history":[{"count":0,"href":"https:\/\/xn--qubec-csa.tk\/local\/wp-json\/wp\/v2\/pages\/2\/revisions"}],"wp:attachment":[{"href":"https:\/\/xn--qubec-csa.tk\/local\/wp-json\/wp\/v2\/media?parent=2"}],"curies":[{"name":"wp","href":"https:\/\/api.w.org\/{rel}","templated":true}]}}