{"id":46,"date":"2021-02-16T11:44:42","date_gmt":"2021-02-16T11:44:42","guid":{"rendered":"https:\/\/demosites.io\/neve-3\/?page_id=46"},"modified":"2024-09-24T21:40:05","modified_gmt":"2024-09-25T01:40:05","slug":"7b3c2-homepage","status":"publish","type":"page","link":"https:\/\/xn--qubec-csa.tk\/loco\/","title":{"rendered":"Loco Qu\u00e9bec"},"content":{"rendered":"\n<div class=\"wp-block-cover alignfull is-repeated\" style=\"min-height:600px;aspect-ratio:unset;\"><span aria-hidden=\"true\" class=\"wp-block-cover__background has-background-dim-60 has-background-dim wp-block-cover__gradient-background has-background-gradient\" style=\"background:linear-gradient(135deg,rgb(10,10,19) 0%,rgb(40,116,252) 100%)\"><\/span><div class=\"wp-block-cover__image-background wp-image-419 is-repeated\" style=\"background-position:100% 0%;background-image:url(https:\/\/xn--qubec-csa.tk\/loco\/wp-content\/uploads\/sites\/30\/2021\/10\/title-6.png)\"><\/div><div class=\"wp-block-cover__inner-container is-layout-flow wp-block-cover-is-layout-flow\">\n<div style=\"height:40px\" aria-hidden=\"true\" class=\"wp-block-spacer\"><\/div>\n\n\n\n<div class=\"wp-block-columns are-vertically-aligned-center is-layout-flex wp-container-core-columns-is-layout-9d6595d7 wp-block-columns-is-layout-flex\">\n<div class=\"wp-block-column is-vertically-aligned-center is-layout-flow wp-block-column-is-layout-flow\" style=\"flex-basis:100%\">\n<h1 class=\"wp-block-heading has-text-align-left\" style=\"font-size:56px\">L&rsquo;\u00e9conomie sans argent,<br>\u00e7a ressemble \u00e0 quoi ?<\/h1>\n\n\n\n<p class=\"has-text-align-left has-nv-site-bg-color has-text-color has-link-color wp-elements-9702065dff72f89b0f84c8d50b52fd01\" style=\"font-size:1.125em\"><strong>Loco Qu\u00e9bec<\/strong> est un r\u00e9seau d&rsquo;\u00e9change bas\u00e9 sur la <strong>valeur du travail<\/strong>.<\/p>\n\n\n\n<div class=\"wp-block-buttons is-layout-flex wp-block-buttons-is-layout-flex\">\n<div class=\"wp-block-button is-style-default\"><a class=\"wp-block-button__link wp-element-button\" href=\"https:\/\/xn--qubec-csa.tk\/loco\/fonctionnement\/\">Comment \u00e7a marche<\/a><\/div>\n\n\n\n<div class=\"wp-block-button is-style-primary\"><a class=\"wp-block-button__link wp-element-button\" href=\"https:\/\/xn--qubec-csa.tk\/loco\/echanger-en-loco\/\">Je veux \u00e9changer !<\/a><\/div>\n<\/div>\n<\/div>\n\n\n\n<div class=\"wp-block-column is-vertically-aligned-center is-layout-flow wp-block-column-is-layout-flow\" style=\"flex-basis:30%\">\n<p><\/p>\n<\/div>\n<\/div>\n\n\n\n<div style=\"height:40px\" aria-hidden=\"true\" class=\"wp-block-spacer\"><\/div>\n<\/div><\/div>\n\n\n\n<div style=\"height:40px\" aria-hidden=\"true\" class=\"wp-block-spacer\"><\/div>\n\n\n\n<div class=\"wp-block-columns are-vertically-aligned-top is-layout-flex wp-container-core-columns-is-layout-9d6595d7 wp-block-columns-is-layout-flex\">\n<div class=\"wp-block-column is-vertically-aligned-top is-layout-flow wp-block-column-is-layout-flow\">\n<figure class=\"wp-block-image size-full\"><img loading=\"lazy\" decoding=\"async\" width=\"800\" height=\"800\" src=\"https:\/\/xn--qubec-csa.tk\/loco\/wp-content\/uploads\/sites\/30\/2021\/10\/neve-demo-image-28.png\" alt=\"\" class=\"wp-image-378\" srcset=\"https:\/\/xn--qubec-csa.tk\/loco\/wp-content\/uploads\/sites\/30\/2021\/10\/neve-demo-image-28.png 800w, https:\/\/xn--qubec-csa.tk\/loco\/wp-content\/uploads\/sites\/30\/2021\/10\/neve-demo-image-28-300x300.png 300w, https:\/\/xn--qubec-csa.tk\/loco\/wp-content\/uploads\/sites\/30\/2021\/10\/neve-demo-image-28-150x150.png 150w\" sizes=\"auto, (max-width: 800px) 100vw, 800px\" \/><\/figure>\n\n\n\n<div style=\"height:16px\" aria-hidden=\"true\" class=\"wp-block-spacer\"><\/div>\n\n\n\n<h3 class=\"wp-block-heading\">Comment participer<\/h3>\n\n\n\n<p>Rejoins un r\u00e9seau d&rsquo;\u00e9change innovateur et dynamique ! Le r\u00e9seau Loco Qu\u00e9bec est ouvert \u00e0 tout le monde de Qu\u00e9bec et la participation est libre et sans engagement.<\/p>\n\n\n\n<div class=\"wp-block-buttons is-content-justification-left is-layout-flex wp-container-core-buttons-is-layout-fdcfc74e wp-block-buttons-is-layout-flex\">\n<div class=\"wp-block-button is-style-primary\"><a class=\"wp-block-button__link has-text-align-left wp-element-button\">Je m&rsquo;incris !<\/a><\/div>\n<\/div>\n<\/div>\n\n\n\n<div class=\"wp-block-column is-vertically-aligned-top is-layout-flow wp-block-column-is-layout-flow\">\n<figure class=\"wp-block-image size-full\"><img loading=\"lazy\" decoding=\"async\" width=\"800\" height=\"800\" src=\"https:\/\/xn--qubec-csa.tk\/loco\/wp-content\/uploads\/sites\/30\/2021\/10\/neve-demo-image-29.png\" alt=\"\" class=\"wp-image-373\" srcset=\"https:\/\/xn--qubec-csa.tk\/loco\/wp-content\/uploads\/sites\/30\/2021\/10\/neve-demo-image-29.png 800w, https:\/\/xn--qubec-csa.tk\/loco\/wp-content\/uploads\/sites\/30\/2021\/10\/neve-demo-image-29-300x300.png 300w, https:\/\/xn--qubec-csa.tk\/loco\/wp-content\/uploads\/sites\/30\/2021\/10\/neve-demo-image-29-150x150.png 150w\" sizes=\"auto, (max-width: 800px) 100vw, 800px\" \/><\/figure>\n\n\n\n<div style=\"height:16px\" aria-hidden=\"true\" class=\"wp-block-spacer\"><\/div>\n\n\n\n<h3 class=\"wp-block-heading\">D\u00e9marrer un projet<\/h3>\n\n\n\n<p>D\u00e9couvre comment le r\u00e9seau Loco Qu\u00e9bec peut t&rsquo;aider \u00e0 trouver des partenaires et des collaborateurs locaux et obtenir du financement en points locos pour appuyer le d\u00e9marrage de ton projet.<\/p>\n\n\n\n<div class=\"wp-block-buttons is-content-justification-left is-layout-flex wp-container-core-buttons-is-layout-fdcfc74e wp-block-buttons-is-layout-flex\">\n<div class=\"wp-block-button is-style-secondary\"><a class=\"wp-block-button__link wp-element-button\">J&rsquo;ai un projet !<\/a><\/div>\n<\/div>\n\n\n\n<p><\/p>\n<\/div>\n\n\n\n<div class=\"wp-block-column is-vertically-aligned-top is-layout-flow wp-block-column-is-layout-flow\">\n<figure class=\"wp-block-image size-full\"><img loading=\"lazy\" decoding=\"async\" width=\"800\" height=\"800\" src=\"https:\/\/xn--qubec-csa.tk\/loco\/wp-content\/uploads\/sites\/30\/2021\/10\/neve-demo-image-31.png\" alt=\"\" class=\"wp-image-375\" srcset=\"https:\/\/xn--qubec-csa.tk\/loco\/wp-content\/uploads\/sites\/30\/2021\/10\/neve-demo-image-31.png 800w, https:\/\/xn--qubec-csa.tk\/loco\/wp-content\/uploads\/sites\/30\/2021\/10\/neve-demo-image-31-300x300.png 300w, https:\/\/xn--qubec-csa.tk\/loco\/wp-content\/uploads\/sites\/30\/2021\/10\/neve-demo-image-31-150x150.png 150w\" sizes=\"auto, (max-width: 800px) 100vw, 800px\" \/><\/figure>\n\n\n\n<div style=\"height:16px\" aria-hidden=\"true\" class=\"wp-block-spacer\"><\/div>\n\n\n\n<h3 class=\"wp-block-heading\">Entrepreneurs<\/h3>\n\n\n\n<p>Rejoins le r\u00e9seau Loco Qu\u00e9bec pour promouvoir ton entreprise aupr\u00e8s du r\u00e9seau, recruter de nouveaux talents et d\u00e9velopper ton offre au sein de l&rsquo;\u00e9conomie du futur.<\/p>\n\n\n\n<div class=\"wp-block-buttons is-content-justification-left is-layout-flex wp-container-core-buttons-is-layout-fdcfc74e wp-block-buttons-is-layout-flex\">\n<div class=\"wp-block-button is-style-secondary\"><a class=\"wp-block-button__link wp-element-button\">J&rsquo;ai une entreprise !<\/a><\/div>\n<\/div>\n<\/div>\n<\/div>\n\n\n\n<div class=\"wp-block-columns is-layout-flex wp-container-core-columns-is-layout-9d6595d7 wp-block-columns-is-layout-flex\">\n<div class=\"wp-block-column is-vertically-aligned-center is-layout-flow wp-block-column-is-layout-flow\"><div class=\"wp-block-image\">\n<figure class=\"aligncenter size-full\"><img decoding=\"async\" src=\"https:\/\/xn--qubec-csa.tk\/loco\/wp-content\/uploads\/sites\/30\/2021\/10\/neve-demo-image-36.png\" alt=\"\" class=\"wp-image-413\"\/><\/figure>\n<\/div><\/div>\n\n\n\n<div class=\"wp-block-column is-vertically-aligned-center is-layout-flow wp-block-column-is-layout-flow\">\n<h2 class=\"wp-block-heading\">Soutenir un projet<\/h2>\n\n\n\n<h5 class=\"wp-block-heading\">Un sociofinancement <em>r\u00e9ellement<\/em> participatif !<\/h5>\n\n\n\n<p>Soutiens directement les projets propos\u00e9s avec tes propres comp\u00e9tences ou en contribuant avec les points loco que tu as d\u00e9j\u00e0 obtenu.<\/p>\n\n\n\n<div class=\"wp-block-buttons is-layout-flex wp-block-buttons-is-layout-flex\">\n<div class=\"wp-block-button is-style-primary\"><a class=\"wp-block-button__link wp-element-button\" href=\"\/loco\/projets\/\">Consulter les projets<\/a><\/div>\n\n\n\n<div class=\"wp-block-button is-style-secondary\"><a class=\"wp-block-button__link wp-element-button\">Propose ton projet<\/a><\/div>\n<\/div>\n<\/div>\n<\/div>\n\n\n\n<div style=\"height:20px\" aria-hidden=\"true\" class=\"wp-block-spacer\"><\/div>\n\n\n\n<p style=\"font-size:0.9em\"><strong>DERNIERS ARTICLES<\/strong><\/p>\n\n\n\n<div class=\"wp-block-query is-layout-flow wp-block-query-is-layout-flow\"><ul class=\"columns-3 wp-block-post-template is-layout-grid wp-container-core-post-template-is-layout-2fc57c17 wp-block-post-template-is-layout-grid\"><li class=\"wp-block-post post-318 post type-post status-publish format-standard has-post-thumbnail hentry category-design category-layout tag-global tag-layout tag-web\">\n<figure class=\"wp-block-post-featured-image\"><a href=\"https:\/\/xn--qubec-csa.tk\/loco\/2021\/10\/07\/post-1\/\" target=\"_self\"  ><img loading=\"lazy\" decoding=\"async\" width=\"1190\" height=\"630\" src=\"https:\/\/xn--qubec-csa.tk\/loco\/wp-content\/uploads\/sites\/30\/2021\/10\/neve-demo-image-12.png\" class=\"attachment-post-thumbnail size-post-thumbnail wp-post-image\" alt=\"\u00cates-vous loco ?\" style=\"object-fit:cover;\" srcset=\"https:\/\/xn--qubec-csa.tk\/loco\/wp-content\/uploads\/sites\/30\/2021\/10\/neve-demo-image-12.png 1190w, https:\/\/xn--qubec-csa.tk\/loco\/wp-content\/uploads\/sites\/30\/2021\/10\/neve-demo-image-12-300x159.png 300w\" sizes=\"auto, (max-width: 1190px) 100vw, 1190px\" \/><\/a><\/figure>\n\n<div class=\"wp-block-post-date\"><time datetime=\"2021-10-07T14:29:53-04:00\">7 octobre 2021<\/time><\/div>\n\n<h4 class=\"wp-block-post-title\">\u00cates-vous <em>loco<\/em> ?<\/h4>\n<\/li><li class=\"wp-block-post post-317 post type-post status-publish format-standard has-post-thumbnail hentry category-design category-layout tag-layout tag-web\">\n<figure class=\"wp-block-post-featured-image\"><a href=\"https:\/\/xn--qubec-csa.tk\/loco\/2021\/10\/07\/post-2\/\" target=\"_self\"  ><img loading=\"lazy\" decoding=\"async\" width=\"1190\" height=\"630\" src=\"https:\/\/xn--qubec-csa.tk\/loco\/wp-content\/uploads\/sites\/30\/2021\/10\/neve-demo-image-26.png\" class=\"attachment-post-thumbnail size-post-thumbnail wp-post-image\" alt=\"Communaut\u00e9s : une nouvelle fronti\u00e8re\" style=\"object-fit:cover;\" srcset=\"https:\/\/xn--qubec-csa.tk\/loco\/wp-content\/uploads\/sites\/30\/2021\/10\/neve-demo-image-26.png 1190w, https:\/\/xn--qubec-csa.tk\/loco\/wp-content\/uploads\/sites\/30\/2021\/10\/neve-demo-image-26-300x159.png 300w\" sizes=\"auto, (max-width: 1190px) 100vw, 1190px\" \/><\/a><\/figure>\n\n<div class=\"wp-block-post-date\"><time datetime=\"2021-10-07T14:28:20-04:00\">7 octobre 2021<\/time><\/div>\n\n<h4 class=\"wp-block-post-title\">Communaut\u00e9s : une nouvelle fronti\u00e8re<\/h4>\n<\/li><li class=\"wp-block-post post-56 post type-post status-publish format-standard has-post-thumbnail hentry category-design category-layout tag-global tag-web\">\n<figure class=\"wp-block-post-featured-image\"><a href=\"https:\/\/xn--qubec-csa.tk\/loco\/2021\/02\/18\/post-3\/\" target=\"_self\"  ><img loading=\"lazy\" decoding=\"async\" width=\"1190\" height=\"630\" src=\"https:\/\/xn--qubec-csa.tk\/loco\/wp-content\/uploads\/sites\/30\/2021\/10\/neve-demo-image-03.png\" class=\"attachment-post-thumbnail size-post-thumbnail wp-post-image\" alt=\"Un moyen d&rsquo;\u00e9change de prochaine g\u00e9n\u00e9ration\" style=\"object-fit:cover;\" srcset=\"https:\/\/xn--qubec-csa.tk\/loco\/wp-content\/uploads\/sites\/30\/2021\/10\/neve-demo-image-03.png 1190w, https:\/\/xn--qubec-csa.tk\/loco\/wp-content\/uploads\/sites\/30\/2021\/10\/neve-demo-image-03-300x159.png 300w\" sizes=\"auto, (max-width: 1190px) 100vw, 1190px\" \/><\/a><\/figure>\n\n<div class=\"wp-block-post-date\"><time datetime=\"2021-02-18T10:06:48-05:00\">18 f\u00e9vrier 2021<\/time><\/div>\n\n<h4 class=\"wp-block-post-title\">Un moyen d&rsquo;\u00e9change de prochaine g\u00e9n\u00e9ration<\/h4>\n<\/li><\/ul><\/div>\n\n\n\n<figure class=\"wp-block-image size-full\"><img decoding=\"async\" src=\"https:\/\/xn--qubec-csa.tk\/loco\/wp-content\/uploads\/sites\/30\/2021\/10\/neve-demo-image-35.png\" alt=\"\" class=\"wp-image-412\"\/><\/figure>\n\n\n\n<div style=\"height:20px\" aria-hidden=\"true\" class=\"wp-block-spacer\"><\/div>\n\n\n\n<div style=\"height:40px\" aria-hidden=\"true\" class=\"wp-block-spacer\"><\/div>\n","protected":false},"excerpt":{"rendered":"<p>Comment participer Rejoins un r\u00e9seau d&rsquo;\u00e9change innovateur et dynamique ! Le r\u00e9seau Loco Qu\u00e9bec est ouvert \u00e0 tout le monde de Qu\u00e9bec et la participation est libre et sans engagement. D\u00e9marrer un projet D\u00e9couvre comment le r\u00e9seau Loco Qu\u00e9bec peut t&rsquo;aider \u00e0 trouver des partenaires et des collaborateurs locaux et obtenir du financement en points&hellip;&nbsp;<a href=\"https:\/\/xn--qubec-csa.tk\/loco\/\" rel=\"bookmark\">Lire la suite &raquo;<span class=\"screen-reader-text\">Loco Qu\u00e9bec<\/span><\/a><\/p>\n","protected":false},"author":38,"featured_media":0,"parent":0,"menu_order":0,"comment_status":"closed","ping_status":"closed","template":"","meta":{"neve_meta_sidebar":"full-width","neve_meta_container":"contained","neve_meta_enable_content_width":"on","neve_meta_content_width":100,"neve_meta_title_alignment":"","neve_meta_author_avatar":"","neve_post_elements_order":"","neve_meta_disable_header":"","neve_meta_disable_footer":"","neve_meta_disable_title":"on","_themeisle_gutenberg_block_has_review":false,"footnotes":""},"class_list":["post-46","page","type-page","status-publish","hentry"],"_links":{"self":[{"href":"https:\/\/xn--qubec-csa.tk\/loco\/wp-json\/wp\/v2\/pages\/46","targetHints":{"allow":["GET"]}}],"collection":[{"href":"https:\/\/xn--qubec-csa.tk\/loco\/wp-json\/wp\/v2\/pages"}],"about":[{"href":"https:\/\/xn--qubec-csa.tk\/loco\/wp-json\/wp\/v2\/types\/page"}],"author":[{"embeddable":true,"href":"https:\/\/xn--qubec-csa.tk\/loco\/wp-json\/wp\/v2\/users\/38"}],"replies":[{"embeddable":true,"href":"https:\/\/xn--qubec-csa.tk\/loco\/wp-json\/wp\/v2\/comments?post=46"}],"version-history":[{"count":0,"href":"https:\/\/xn--qubec-csa.tk\/loco\/wp-json\/wp\/v2\/pages\/46\/revisions"}],"wp:attachment":[{"href":"https:\/\/xn--qubec-csa.tk\/loco\/wp-json\/wp\/v2\/media?parent=46"}],"curies":[{"name":"wp","href":"https:\/\/api.w.org\/{rel}","templated":true}]}}